{"id":3231,"date":"2017-05-13T11:06:05","date_gmt":"2017-05-13T03:06:05","guid":{"rendered":"https:\/\/hummingbag.com\/?post_type=product&#038;p=3231"},"modified":"2017-09-18T11:37:11","modified_gmt":"2017-09-18T03:37:11","slug":"cooler-bag-quilted-effect","status":"publish","type":"product","link":"https:\/\/hummingbag.com\/fr\/product\/cooler-bag-quilted-effect\/","title":{"rendered":"Sac isotherme \u00ab effet matelass\u00e9 \u00bb"},"content":{"rendered":"","protected":false},"excerpt":{"rendered":"<p><span style=\"font-weight: 400;\">Ce petit sac isotherme au design \u00e0 effet matelass\u00e9 poss\u00e8de une excellente isolation pour garder les produits frais ou transporter votre d\u00e9jeuner. <\/span><\/p>\n","protected":false},"featured_media":3030,"comment_status":"open","ping_status":"closed","template":"","meta":{"_exactmetrics_skip_tracking":false,"_exactmetrics_sitenote_active":false,"_exactmetrics_sitenote_note":"","_exactmetrics_sitenote_category":0,"jetpack_post_was_ever_published":false},"class_list":{"0":"post-3231","1":"product","2":"type-product","3":"status-publish","4":"has-post-thumbnail","6":"product_cat-insulated-bags","8":"first","9":"instock","10":"shipping-taxable","11":"product-type-simple"},"jetpack_sharing_enabled":true,"_links":{"self":[{"href":"https:\/\/hummingbag.com\/fr\/wp-json\/wp\/v2\/product\/3231","targetHints":{"allow":["GET"]}}],"collection":[{"href":"https:\/\/hummingbag.com\/fr\/wp-json\/wp\/v2\/product"}],"about":[{"href":"https:\/\/hummingbag.com\/fr\/wp-json\/wp\/v2\/types\/product"}],"replies":[{"embeddable":true,"href":"https:\/\/hummingbag.com\/fr\/wp-json\/wp\/v2\/comments?post=3231"}],"wp:featuredmedia":[{"embeddable":true,"href":"https:\/\/hummingbag.com\/fr\/wp-json\/wp\/v2\/media\/3030"}],"wp:attachment":[{"href":"https:\/\/hummingbag.com\/fr\/wp-json\/wp\/v2\/media?parent=3231"}],"curies":[{"name":"wp","href":"https:\/\/api.w.org\/{rel}","templated":true}]}}