{"id":3230,"date":"2017-05-13T11:03:46","date_gmt":"2017-05-13T03:03:46","guid":{"rendered":"https:\/\/hummingbag.com\/?post_type=product&#038;p=3230"},"modified":"2018-04-06T15:28:57","modified_gmt":"2018-04-06T07:28:57","slug":"cotton-tote-bag","status":"publish","type":"product","link":"https:\/\/hummingbag.com\/fr\/product\/cotton-tote-bag\/","title":{"rendered":"Cabas fleuri en coton"},"content":{"rendered":"","protected":false},"excerpt":{"rendered":"<p><span style=\"font-weight: 400;\">Ce cabas en coton au design fleuri apportera un air de printemps.<br \/>\nTr\u00e8s l\u00e9ger, il offre une grande capacit\u00e9 de stockage et il est muni d\u2019une fermeture zipp\u00e9e; id\u00e9al pour transporter aussi bien vos affaires personnelles que vos courses.<\/span><\/p>\n","protected":false},"featured_media":3527,"comment_status":"open","ping_status":"closed","template":"","meta":{"_exactmetrics_skip_tracking":false,"_exactmetrics_sitenote_active":false,"_exactmetrics_sitenote_note":"","_exactmetrics_sitenote_category":0,"jetpack_post_was_ever_published":false},"class_list":{"0":"post-3230","1":"product","2":"type-product","3":"status-publish","4":"has-post-thumbnail","6":"product_cat-reusable-bags","8":"first","9":"instock","10":"shipping-taxable","11":"product-type-simple"},"jetpack_sharing_enabled":true,"_links":{"self":[{"href":"https:\/\/hummingbag.com\/fr\/wp-json\/wp\/v2\/product\/3230","targetHints":{"allow":["GET"]}}],"collection":[{"href":"https:\/\/hummingbag.com\/fr\/wp-json\/wp\/v2\/product"}],"about":[{"href":"https:\/\/hummingbag.com\/fr\/wp-json\/wp\/v2\/types\/product"}],"replies":[{"embeddable":true,"href":"https:\/\/hummingbag.com\/fr\/wp-json\/wp\/v2\/comments?post=3230"}],"wp:featuredmedia":[{"embeddable":true,"href":"https:\/\/hummingbag.com\/fr\/wp-json\/wp\/v2\/media\/3527"}],"wp:attachment":[{"href":"https:\/\/hummingbag.com\/fr\/wp-json\/wp\/v2\/media?parent=3230"}],"curies":[{"name":"wp","href":"https:\/\/api.w.org\/{rel}","templated":true}]}}