{"id":3205,"date":"2017-07-20T10:56:27","date_gmt":"2017-07-20T02:56:27","guid":{"rendered":"https:\/\/hummingbag.com\/?post_type=product&#038;p=3205"},"modified":"2017-09-18T11:42:05","modified_gmt":"2017-09-18T03:42:05","slug":"the-woven-tote-bag-2","status":"publish","type":"product","link":"https:\/\/hummingbag.com\/fr\/product\/the-woven-tote-bag-2\/","title":{"rendered":"SAC TISS\u00c9"},"content":{"rendered":"","protected":false},"excerpt":{"rendered":"<p style=\"text-align: justify;\">En polypropyl\u00e8ne tiss\u00e9, ce sac est tr\u00e8s r\u00e9sistant et polyvalent.<br \/>\nIl est disponible en plusieurs formats et constructions et offre une qualit\u00e9 d&#039;impression exceptionnelle.<\/p>\n","protected":false},"featured_media":3139,"comment_status":"open","ping_status":"closed","template":"","meta":{"_exactmetrics_skip_tracking":false,"_exactmetrics_sitenote_active":false,"_exactmetrics_sitenote_note":"","_exactmetrics_sitenote_category":0,"jetpack_post_was_ever_published":false},"class_list":{"0":"post-3205","1":"product","2":"type-product","3":"status-publish","4":"has-post-thumbnail","6":"product_cat-reusable-bags","8":"first","9":"instock","10":"shipping-taxable","11":"product-type-simple"},"jetpack_sharing_enabled":true,"_links":{"self":[{"href":"https:\/\/hummingbag.com\/fr\/wp-json\/wp\/v2\/product\/3205","targetHints":{"allow":["GET"]}}],"collection":[{"href":"https:\/\/hummingbag.com\/fr\/wp-json\/wp\/v2\/product"}],"about":[{"href":"https:\/\/hummingbag.com\/fr\/wp-json\/wp\/v2\/types\/product"}],"replies":[{"embeddable":true,"href":"https:\/\/hummingbag.com\/fr\/wp-json\/wp\/v2\/comments?post=3205"}],"wp:featuredmedia":[{"embeddable":true,"href":"https:\/\/hummingbag.com\/fr\/wp-json\/wp\/v2\/media\/3139"}],"wp:attachment":[{"href":"https:\/\/hummingbag.com\/fr\/wp-json\/wp\/v2\/media?parent=3205"}],"curies":[{"name":"wp","href":"https:\/\/api.w.org\/{rel}","templated":true}]}}