{"id":3204,"date":"2017-07-21T18:54:29","date_gmt":"2017-07-21T10:54:29","guid":{"rendered":"https:\/\/hummingbag.com\/?post_type=product&#038;p=3204"},"modified":"2017-09-18T11:45:53","modified_gmt":"2017-09-18T03:45:53","slug":"draw-string-backpack","status":"publish","type":"product","link":"https:\/\/hummingbag.com\/fr\/product\/draw-string-backpack\/","title":{"rendered":"GYM BAG ISOTHERME"},"content":{"rendered":"","protected":false},"excerpt":{"rendered":"<p style=\"text-align: justify;\">Sac \u00e0 dos isotherme constitu\u00e9 de toile de coton \u00e9pais tr\u00e8s r\u00e9sistant, il est aussi pratique et intemporel.<br \/>\nCr\u00e9\u00e9 pour les aventuriers urbains!<\/p>\n","protected":false},"featured_media":3050,"comment_status":"open","ping_status":"closed","template":"","meta":{"_exactmetrics_skip_tracking":false,"_exactmetrics_sitenote_active":false,"_exactmetrics_sitenote_note":"","_exactmetrics_sitenote_category":0,"jetpack_post_was_ever_published":false},"class_list":{"0":"post-3204","1":"product","2":"type-product","3":"status-publish","4":"has-post-thumbnail","6":"product_cat-insulated-bags","8":"first","9":"instock","10":"shipping-taxable","11":"product-type-simple"},"jetpack_sharing_enabled":true,"_links":{"self":[{"href":"https:\/\/hummingbag.com\/fr\/wp-json\/wp\/v2\/product\/3204","targetHints":{"allow":["GET"]}}],"collection":[{"href":"https:\/\/hummingbag.com\/fr\/wp-json\/wp\/v2\/product"}],"about":[{"href":"https:\/\/hummingbag.com\/fr\/wp-json\/wp\/v2\/types\/product"}],"replies":[{"embeddable":true,"href":"https:\/\/hummingbag.com\/fr\/wp-json\/wp\/v2\/comments?post=3204"}],"wp:featuredmedia":[{"embeddable":true,"href":"https:\/\/hummingbag.com\/fr\/wp-json\/wp\/v2\/media\/3050"}],"wp:attachment":[{"href":"https:\/\/hummingbag.com\/fr\/wp-json\/wp\/v2\/media?parent=3204"}],"curies":[{"name":"wp","href":"https:\/\/api.w.org\/{rel}","templated":true}]}}