{"id":3203,"date":"2017-07-18T10:52:40","date_gmt":"2017-07-18T02:52:40","guid":{"rendered":"https:\/\/hummingbag.com\/?post_type=product&#038;p=3203"},"modified":"2017-09-18T11:48:48","modified_gmt":"2017-09-18T03:48:48","slug":"the-better-bag-2","status":"publish","type":"product","link":"https:\/\/hummingbag.com\/fr\/product\/the-better-bag-2\/","title":{"rendered":"THE BETTER BAG"},"content":{"rendered":"","protected":false},"excerpt":{"rendered":"<p style=\"text-align: justify;\">Compos\u00e9 \u00e0 80% de mati\u00e8res recycl\u00e9es. Un des premiers d\u00e9velopp\u00e9s aux US avec une des plus grandes enseignes aux \u00c9tats-Unis.<br \/>\nUn succ\u00e8s sans pr\u00e9c\u00e9dent sur le march\u00e9 am\u00e9ricain o\u00f9 plusieurs millions consomateurs l&#039;ont adopt\u00e9, les stars ausi de Barak Obama \u00e0 Leonardo Di Caprio!<br \/>\nLa vie est belle, mon sac est beau!<\/p>\n","protected":false},"featured_media":3115,"comment_status":"open","ping_status":"closed","template":"","meta":{"_exactmetrics_skip_tracking":false,"_exactmetrics_sitenote_active":false,"_exactmetrics_sitenote_note":"","_exactmetrics_sitenote_category":0,"jetpack_post_was_ever_published":false},"class_list":{"0":"post-3203","1":"product","2":"type-product","3":"status-publish","4":"has-post-thumbnail","6":"product_cat-reusable-bags","8":"first","9":"instock","10":"shipping-taxable","11":"product-type-simple"},"jetpack_sharing_enabled":true,"_links":{"self":[{"href":"https:\/\/hummingbag.com\/fr\/wp-json\/wp\/v2\/product\/3203","targetHints":{"allow":["GET"]}}],"collection":[{"href":"https:\/\/hummingbag.com\/fr\/wp-json\/wp\/v2\/product"}],"about":[{"href":"https:\/\/hummingbag.com\/fr\/wp-json\/wp\/v2\/types\/product"}],"replies":[{"embeddable":true,"href":"https:\/\/hummingbag.com\/fr\/wp-json\/wp\/v2\/comments?post=3203"}],"wp:featuredmedia":[{"embeddable":true,"href":"https:\/\/hummingbag.com\/fr\/wp-json\/wp\/v2\/media\/3115"}],"wp:attachment":[{"href":"https:\/\/hummingbag.com\/fr\/wp-json\/wp\/v2\/media?parent=3203"}],"curies":[{"name":"wp","href":"https:\/\/api.w.org\/{rel}","templated":true}]}}