{"id":3201,"date":"2017-07-21T18:03:38","date_gmt":"2017-07-21T10:03:38","guid":{"rendered":"https:\/\/hummingbag.com\/?post_type=product&#038;p=3201"},"modified":"2017-09-18T11:51:15","modified_gmt":"2017-09-18T03:51:15","slug":"the-large-woven-bag","status":"publish","type":"product","link":"https:\/\/hummingbag.com\/fr\/product\/the-large-woven-bag\/","title":{"rendered":"SAC TISS\u00c9 LARGE"},"content":{"rendered":"","protected":false},"excerpt":{"rendered":"<p style=\"text-align: justify;\">En polypropyl\u00e8ne tiss\u00e9, ce sac est tr\u00e8s r\u00e9sistant et polyvalent.<br \/>\nIl est disponible en plusieurs formats et constructions et offre une qualit\u00e9 d&#039;impression exceptionnelle.<br \/>\nC&#039;est LE sac \u00e0 adpoter, car il r\u00e9pond \u00e0 tous vos besoins. C&#039;est aussi faire son shopping sans limites!<br \/>\nChoisissez l&#039;\u00c9CO-reflexe !<\/p>\n","protected":false},"featured_media":3123,"comment_status":"open","ping_status":"closed","template":"","meta":{"_exactmetrics_skip_tracking":false,"_exactmetrics_sitenote_active":false,"_exactmetrics_sitenote_note":"","_exactmetrics_sitenote_category":0,"jetpack_post_was_ever_published":false},"class_list":{"0":"post-3201","1":"product","2":"type-product","3":"status-publish","4":"has-post-thumbnail","6":"product_cat-reusable-bags","8":"first","9":"instock","10":"shipping-taxable","11":"product-type-simple"},"jetpack_sharing_enabled":true,"_links":{"self":[{"href":"https:\/\/hummingbag.com\/fr\/wp-json\/wp\/v2\/product\/3201","targetHints":{"allow":["GET"]}}],"collection":[{"href":"https:\/\/hummingbag.com\/fr\/wp-json\/wp\/v2\/product"}],"about":[{"href":"https:\/\/hummingbag.com\/fr\/wp-json\/wp\/v2\/types\/product"}],"replies":[{"embeddable":true,"href":"https:\/\/hummingbag.com\/fr\/wp-json\/wp\/v2\/comments?post=3201"}],"wp:featuredmedia":[{"embeddable":true,"href":"https:\/\/hummingbag.com\/fr\/wp-json\/wp\/v2\/media\/3123"}],"wp:attachment":[{"href":"https:\/\/hummingbag.com\/fr\/wp-json\/wp\/v2\/media?parent=3201"}],"curies":[{"name":"wp","href":"https:\/\/api.w.org\/{rel}","templated":true}]}}