{"id":3195,"date":"2017-07-21T16:33:07","date_gmt":"2017-07-21T08:33:07","guid":{"rendered":"https:\/\/hummingbag.com\/?post_type=product&#038;p=3195"},"modified":"2017-09-18T11:43:34","modified_gmt":"2017-09-18T03:43:34","slug":"the-woven-tote-bag","status":"publish","type":"product","link":"https:\/\/hummingbag.com\/fr\/product\/the-woven-tote-bag\/","title":{"rendered":"SAC TISS\u00c9"},"content":{"rendered":"","protected":false},"excerpt":{"rendered":"<p style=\"text-align: justify;\">En polypropyl\u00e8ne tiss\u00e9, ce sac est tr\u00e8s r\u00e9sistant et polyvalent.<br \/>\nIl est disponible en plusieurs formats et styles et offre une qualit\u00e9 d&#039;impression exceptionnelle.<br \/>\nFaire son shopping sans limites\u00a0 en r\u00e9duisant son impact sur l&#039;environnement !<\/p>\n","protected":false},"featured_media":3135,"comment_status":"open","ping_status":"closed","template":"","meta":{"_exactmetrics_skip_tracking":false,"_exactmetrics_sitenote_active":false,"_exactmetrics_sitenote_note":"","_exactmetrics_sitenote_category":0,"jetpack_post_was_ever_published":false},"class_list":{"0":"post-3195","1":"product","2":"type-product","3":"status-publish","4":"has-post-thumbnail","6":"product_cat-reusable-bags","8":"first","9":"instock","10":"shipping-taxable","11":"product-type-simple"},"jetpack_sharing_enabled":true,"_links":{"self":[{"href":"https:\/\/hummingbag.com\/fr\/wp-json\/wp\/v2\/product\/3195","targetHints":{"allow":["GET"]}}],"collection":[{"href":"https:\/\/hummingbag.com\/fr\/wp-json\/wp\/v2\/product"}],"about":[{"href":"https:\/\/hummingbag.com\/fr\/wp-json\/wp\/v2\/types\/product"}],"replies":[{"embeddable":true,"href":"https:\/\/hummingbag.com\/fr\/wp-json\/wp\/v2\/comments?post=3195"}],"wp:featuredmedia":[{"embeddable":true,"href":"https:\/\/hummingbag.com\/fr\/wp-json\/wp\/v2\/media\/3135"}],"wp:attachment":[{"href":"https:\/\/hummingbag.com\/fr\/wp-json\/wp\/v2\/media?parent=3195"}],"curies":[{"name":"wp","href":"https:\/\/api.w.org\/{rel}","templated":true}]}}