{"id":3194,"date":"2017-07-21T08:22:08","date_gmt":"2017-07-21T08:22:08","guid":{"rendered":"https:\/\/hummingbag.com\/?post_type=product&#038;p=3194"},"modified":"2017-07-21T08:22:08","modified_gmt":"2017-07-21T08:22:08","slug":"the-classic-cooler","status":"publish","type":"product","link":"https:\/\/hummingbag.com\/fr\/product\/the-classic-cooler\/","title":{"rendered":"CLASSIC COOLER"},"content":{"rendered":"","protected":false},"excerpt":{"rendered":"<p style=\"text-align: justify;\">Une excellente isolation pour garder les produits frais. C&#8217;est la solution pour ceux qui cherchent un sac isotherme durable et solide.<br \/>\nIl est aujourd&#8217;hui adopt\u00e9 par des millions de consommateurs, gr\u00e2ce \u00e0 sa large capacit\u00e9 de stockage qui en fait un must pour les gourmets.<\/p>\n","protected":false},"featured_media":3119,"comment_status":"open","ping_status":"closed","template":"","meta":{"_exactmetrics_skip_tracking":false,"_exactmetrics_sitenote_active":false,"_exactmetrics_sitenote_note":"","_exactmetrics_sitenote_category":0,"jetpack_post_was_ever_published":false},"class_list":{"0":"post-3194","1":"product","2":"type-product","3":"status-publish","4":"has-post-thumbnail","6":"product_cat-insulated-bags","8":"first","9":"instock","10":"shipping-taxable","11":"product-type-simple"},"jetpack_sharing_enabled":true,"_links":{"self":[{"href":"https:\/\/hummingbag.com\/fr\/wp-json\/wp\/v2\/product\/3194","targetHints":{"allow":["GET"]}}],"collection":[{"href":"https:\/\/hummingbag.com\/fr\/wp-json\/wp\/v2\/product"}],"about":[{"href":"https:\/\/hummingbag.com\/fr\/wp-json\/wp\/v2\/types\/product"}],"replies":[{"embeddable":true,"href":"https:\/\/hummingbag.com\/fr\/wp-json\/wp\/v2\/comments?post=3194"}],"wp:featuredmedia":[{"embeddable":true,"href":"https:\/\/hummingbag.com\/fr\/wp-json\/wp\/v2\/media\/3119"}],"wp:attachment":[{"href":"https:\/\/hummingbag.com\/fr\/wp-json\/wp\/v2\/media?parent=3194"}],"curies":[{"name":"wp","href":"https:\/\/api.w.org\/{rel}","templated":true}]}}