{"id":3191,"date":"2017-07-21T08:15:43","date_gmt":"2017-07-21T08:15:43","guid":{"rendered":"https:\/\/hummingbag.com\/?post_type=product&#038;p=3191"},"modified":"2017-08-13T08:03:57","modified_gmt":"2017-08-13T08:03:57","slug":"square-cooler","status":"publish","type":"product","link":"https:\/\/hummingbag.com\/fr\/product\/square-cooler\/","title":{"rendered":"ISOTHERME CARR\u00c9"},"content":{"rendered":"","protected":false},"excerpt":{"rendered":"<p style=\"text-align: justify;\">Con\u00e7u avec un fond renforc\u00e9, il permet de ranger et d&#8217;empiler les courses facilement. Il se plie et se range facilement apr\u00e8s utilisation.<br \/>\nDisponible en plusieurs coloris, il \u00e9volue au gr\u00e9 des saisons et des envies de nos clients. C&#8217;est un de nos sacs isothermes qui a le plus de succ\u00e8s !<\/p>\n","protected":false},"featured_media":3103,"comment_status":"open","ping_status":"closed","template":"","meta":{"_exactmetrics_skip_tracking":false,"_exactmetrics_sitenote_active":false,"_exactmetrics_sitenote_note":"","_exactmetrics_sitenote_category":0,"jetpack_post_was_ever_published":false},"class_list":{"0":"post-3191","1":"product","2":"type-product","3":"status-publish","4":"has-post-thumbnail","6":"product_cat-insulated-bags","8":"first","9":"instock","10":"shipping-taxable","11":"product-type-simple"},"jetpack_sharing_enabled":true,"_links":{"self":[{"href":"https:\/\/hummingbag.com\/fr\/wp-json\/wp\/v2\/product\/3191","targetHints":{"allow":["GET"]}}],"collection":[{"href":"https:\/\/hummingbag.com\/fr\/wp-json\/wp\/v2\/product"}],"about":[{"href":"https:\/\/hummingbag.com\/fr\/wp-json\/wp\/v2\/types\/product"}],"replies":[{"embeddable":true,"href":"https:\/\/hummingbag.com\/fr\/wp-json\/wp\/v2\/comments?post=3191"}],"wp:featuredmedia":[{"embeddable":true,"href":"https:\/\/hummingbag.com\/fr\/wp-json\/wp\/v2\/media\/3103"}],"wp:attachment":[{"href":"https:\/\/hummingbag.com\/fr\/wp-json\/wp\/v2\/media?parent=3191"}],"curies":[{"name":"wp","href":"https:\/\/api.w.org\/{rel}","templated":true}]}}