{"id":3189,"date":"2017-07-21T03:47:06","date_gmt":"2017-07-21T03:47:06","guid":{"rendered":"https:\/\/hummingbag.com\/?post_type=product&#038;p=3189"},"modified":"2017-08-13T10:28:59","modified_gmt":"2017-08-13T10:28:59","slug":"foldable-cooler-bag","status":"publish","type":"product","link":"https:\/\/hummingbag.com\/fr\/product\/foldable-cooler-bag\/","title":{"rendered":"SAC ISO PLIABLE"},"content":{"rendered":"","protected":false},"excerpt":{"rendered":"<p style=\"text-align: justify;\">Encombrement minimum pour ce sac isotherme pliable.<br \/>\nCe sac a \u00e9t\u00e9 con\u00e7u pour une grande cha\u00eene de magasins au Japon qui souhaitait proposer un sac performant et facile \u00e0 ranger.<br \/>\nNous avons dessin\u00e9 ensemble ce sac qui une fois d\u00e9pli\u00e9, offre une belle capacit\u00e9 pour transporter ses produits frais et d\u00e9licats!<br \/>\nGr\u00e2ce \u00e0 ses anses ajustables, il peut se porter \u00e0 l&#8217;\u00e9paule ou \u00e0 la main.<\/p>\n","protected":false},"featured_media":3062,"comment_status":"open","ping_status":"closed","template":"","meta":{"_exactmetrics_skip_tracking":false,"_exactmetrics_sitenote_active":false,"_exactmetrics_sitenote_note":"","_exactmetrics_sitenote_category":0,"jetpack_post_was_ever_published":false},"class_list":{"0":"post-3189","1":"product","2":"type-product","3":"status-publish","4":"has-post-thumbnail","6":"product_cat-insulated-bags","8":"first","9":"instock","10":"shipping-taxable","11":"product-type-simple"},"jetpack_sharing_enabled":true,"_links":{"self":[{"href":"https:\/\/hummingbag.com\/fr\/wp-json\/wp\/v2\/product\/3189","targetHints":{"allow":["GET"]}}],"collection":[{"href":"https:\/\/hummingbag.com\/fr\/wp-json\/wp\/v2\/product"}],"about":[{"href":"https:\/\/hummingbag.com\/fr\/wp-json\/wp\/v2\/types\/product"}],"replies":[{"embeddable":true,"href":"https:\/\/hummingbag.com\/fr\/wp-json\/wp\/v2\/comments?post=3189"}],"wp:featuredmedia":[{"embeddable":true,"href":"https:\/\/hummingbag.com\/fr\/wp-json\/wp\/v2\/media\/3062"}],"wp:attachment":[{"href":"https:\/\/hummingbag.com\/fr\/wp-json\/wp\/v2\/media?parent=3189"}],"curies":[{"name":"wp","href":"https:\/\/api.w.org\/{rel}","templated":true}]}}