{"id":3188,"date":"2017-07-22T03:43:51","date_gmt":"2017-07-21T19:43:51","guid":{"rendered":"https:\/\/hummingbag.com\/?post_type=product&#038;p=3188"},"modified":"2017-08-26T11:34:30","modified_gmt":"2017-08-26T03:34:30","slug":"tote-kraft-bag","status":"publish","type":"product","link":"https:\/\/hummingbag.com\/fr\/product\/tote-kraft-bag\/","title":{"rendered":"CABAS KRAFT"},"content":{"rendered":"","protected":false},"excerpt":{"rendered":"<p style=\"text-align: justify;\">Le cabas ultra \u00e9coresponsable. Il a \u00e9t\u00e9 cr\u00e9\u00e9 en partenariat avec une cha\u00eene de magasins en Asie qui souhaitait une ligne avec un look kraft, sans compromis sur l&#8217;impact \u00e9cologique.<br \/>\nHummingbag a su relever le d\u00e9fi en utilisant du TYVEK ( mati\u00e8re ultra r\u00e9sistante de Dupont) avec un rev\u00eatement au look de papier kraft. Pratique avec ses doubles anses et ses poches multiples, il reste ultra-l\u00e9ger et \u00e9l\u00e9gant \u00e0 porter.<\/p>\n","protected":false},"featured_media":3154,"comment_status":"open","ping_status":"closed","template":"","meta":{"_exactmetrics_skip_tracking":false,"_exactmetrics_sitenote_active":false,"_exactmetrics_sitenote_note":"","_exactmetrics_sitenote_category":0,"jetpack_post_was_ever_published":false},"class_list":{"0":"post-3188","1":"product","2":"type-product","3":"status-publish","4":"has-post-thumbnail","6":"product_cat-reusable-bags","8":"first","9":"instock","10":"shipping-taxable","11":"product-type-simple"},"jetpack_sharing_enabled":true,"_links":{"self":[{"href":"https:\/\/hummingbag.com\/fr\/wp-json\/wp\/v2\/product\/3188","targetHints":{"allow":["GET"]}}],"collection":[{"href":"https:\/\/hummingbag.com\/fr\/wp-json\/wp\/v2\/product"}],"about":[{"href":"https:\/\/hummingbag.com\/fr\/wp-json\/wp\/v2\/types\/product"}],"replies":[{"embeddable":true,"href":"https:\/\/hummingbag.com\/fr\/wp-json\/wp\/v2\/comments?post=3188"}],"wp:featuredmedia":[{"embeddable":true,"href":"https:\/\/hummingbag.com\/fr\/wp-json\/wp\/v2\/media\/3154"}],"wp:attachment":[{"href":"https:\/\/hummingbag.com\/fr\/wp-json\/wp\/v2\/media?parent=3188"}],"curies":[{"name":"wp","href":"https:\/\/api.w.org\/{rel}","templated":true}]}}