{"id":3187,"date":"2017-07-22T03:38:11","date_gmt":"2017-07-21T19:38:11","guid":{"rendered":"https:\/\/hummingbag.com\/?post_type=product&#038;p=3187"},"modified":"2017-08-26T11:35:46","modified_gmt":"2017-08-26T03:35:46","slug":"on-the-go","status":"publish","type":"product","link":"https:\/\/hummingbag.com\/fr\/product\/on-the-go\/","title":{"rendered":"SAC PLIABLE"},"content":{"rendered":"","protected":false},"excerpt":{"rendered":"<p style=\"text-align: justify;\">Sac cr\u00e9\u00e9 \u00e0 base de bouteilles recycl\u00e9es, pliable et pratique; il est l&#8217;accessoire indispensable pour vos petites courses ou transporter vos affaires de yoga.<br \/>\nNos designers ont imagin\u00e9 un sac zen, ultra-pratique et \u00e9cologique fait \u00e0 partir de mati\u00e8re recycl\u00e9e douce au toucher.<\/p>\n","protected":false},"featured_media":3087,"comment_status":"open","ping_status":"closed","template":"","meta":{"_exactmetrics_skip_tracking":false,"_exactmetrics_sitenote_active":false,"_exactmetrics_sitenote_note":"","_exactmetrics_sitenote_category":0,"jetpack_post_was_ever_published":false},"class_list":{"0":"post-3187","1":"product","2":"type-product","3":"status-publish","4":"has-post-thumbnail","6":"product_cat-reusable-bags","8":"first","9":"instock","10":"shipping-taxable","11":"product-type-simple"},"jetpack_sharing_enabled":true,"_links":{"self":[{"href":"https:\/\/hummingbag.com\/fr\/wp-json\/wp\/v2\/product\/3187","targetHints":{"allow":["GET"]}}],"collection":[{"href":"https:\/\/hummingbag.com\/fr\/wp-json\/wp\/v2\/product"}],"about":[{"href":"https:\/\/hummingbag.com\/fr\/wp-json\/wp\/v2\/types\/product"}],"replies":[{"embeddable":true,"href":"https:\/\/hummingbag.com\/fr\/wp-json\/wp\/v2\/comments?post=3187"}],"wp:featuredmedia":[{"embeddable":true,"href":"https:\/\/hummingbag.com\/fr\/wp-json\/wp\/v2\/media\/3087"}],"wp:attachment":[{"href":"https:\/\/hummingbag.com\/fr\/wp-json\/wp\/v2\/media?parent=3187"}],"curies":[{"name":"wp","href":"https:\/\/api.w.org\/{rel}","templated":true}]}}