{"id":3186,"date":"2017-07-21T11:34:50","date_gmt":"2017-07-21T03:34:50","guid":{"rendered":"https:\/\/hummingbag.com\/?post_type=product&#038;p=3186"},"modified":"2017-09-18T11:58:53","modified_gmt":"2017-09-18T03:58:53","slug":"lunch-bag-2","status":"publish","type":"product","link":"https:\/\/hummingbag.com\/fr\/product\/lunch-bag-2\/","title":{"rendered":"SAC GO\u00dbTER"},"content":{"rendered":"","protected":false},"excerpt":{"rendered":"<p style=\"text-align: justify;\">Du fait de sa taille, il convient aux enfants comme aux adultes. C&#039;est le sac go\u00fbter par excellence!<br \/>\nPratique et \u00e9cologique, l&#039;adopter c&#039;est aussi s&#039;engager \u00e0 r\u00e9duire le gaspillage alimentaire et d&#039;emballages.<br \/>\nSa capacit\u00e9 est id\u00e9ale pour emporter vos d\u00e9jeuners et snacks partout avec vous.<br \/>\nUn de nos classiques!<\/p>\n","protected":false},"featured_media":3083,"comment_status":"open","ping_status":"closed","template":"","meta":{"_exactmetrics_skip_tracking":false,"_exactmetrics_sitenote_active":false,"_exactmetrics_sitenote_note":"","_exactmetrics_sitenote_category":0,"jetpack_post_was_ever_published":false},"class_list":{"0":"post-3186","1":"product","2":"type-product","3":"status-publish","4":"has-post-thumbnail","6":"product_cat-insulated-bags","8":"first","9":"instock","10":"shipping-taxable","11":"product-type-simple"},"jetpack_sharing_enabled":true,"_links":{"self":[{"href":"https:\/\/hummingbag.com\/fr\/wp-json\/wp\/v2\/product\/3186","targetHints":{"allow":["GET"]}}],"collection":[{"href":"https:\/\/hummingbag.com\/fr\/wp-json\/wp\/v2\/product"}],"about":[{"href":"https:\/\/hummingbag.com\/fr\/wp-json\/wp\/v2\/types\/product"}],"replies":[{"embeddable":true,"href":"https:\/\/hummingbag.com\/fr\/wp-json\/wp\/v2\/comments?post=3186"}],"wp:featuredmedia":[{"embeddable":true,"href":"https:\/\/hummingbag.com\/fr\/wp-json\/wp\/v2\/media\/3083"}],"wp:attachment":[{"href":"https:\/\/hummingbag.com\/fr\/wp-json\/wp\/v2\/media?parent=3186"}],"curies":[{"name":"wp","href":"https:\/\/api.w.org\/{rel}","templated":true}]}}