{"id":3184,"date":"2017-07-21T11:28:56","date_gmt":"2017-07-21T03:28:56","guid":{"rendered":"https:\/\/hummingbag.com\/?post_type=product&#038;p=3184"},"modified":"2017-09-18T11:57:48","modified_gmt":"2017-09-18T03:57:48","slug":"sailing-cooler-bag","status":"publish","type":"product","link":"https:\/\/hummingbag.com\/fr\/product\/sailing-cooler-bag\/","title":{"rendered":"SAC ISOTHERME MARIN"},"content":{"rendered":"","protected":false},"excerpt":{"rendered":"<p style=\"text-align: justify;\">Au style marin, ce sac isotherme compact est id\u00e9al pour transporter vos produits frais pr\u00e9f\u00e9r\u00e9s, en ville ou en plein air.<br \/>\nMuni d&#039;une poche avec glissi\u00e8re sur le devant, il sera le compagnon id\u00e9al pour vos escapades gourmandes.<\/p>\n","protected":false},"featured_media":3095,"comment_status":"open","ping_status":"closed","template":"","meta":{"_exactmetrics_skip_tracking":false,"_exactmetrics_sitenote_active":false,"_exactmetrics_sitenote_note":"","_exactmetrics_sitenote_category":0,"jetpack_post_was_ever_published":false},"class_list":{"0":"post-3184","1":"product","2":"type-product","3":"status-publish","4":"has-post-thumbnail","6":"product_cat-insulated-bags","8":"first","9":"instock","10":"shipping-taxable","11":"product-type-simple"},"jetpack_sharing_enabled":true,"_links":{"self":[{"href":"https:\/\/hummingbag.com\/fr\/wp-json\/wp\/v2\/product\/3184","targetHints":{"allow":["GET"]}}],"collection":[{"href":"https:\/\/hummingbag.com\/fr\/wp-json\/wp\/v2\/product"}],"about":[{"href":"https:\/\/hummingbag.com\/fr\/wp-json\/wp\/v2\/types\/product"}],"replies":[{"embeddable":true,"href":"https:\/\/hummingbag.com\/fr\/wp-json\/wp\/v2\/comments?post=3184"}],"wp:featuredmedia":[{"embeddable":true,"href":"https:\/\/hummingbag.com\/fr\/wp-json\/wp\/v2\/media\/3095"}],"wp:attachment":[{"href":"https:\/\/hummingbag.com\/fr\/wp-json\/wp\/v2\/media?parent=3184"}],"curies":[{"name":"wp","href":"https:\/\/api.w.org\/{rel}","templated":true}]}}