{"id":3182,"date":"2017-07-21T11:24:01","date_gmt":"2017-07-21T03:24:01","guid":{"rendered":"https:\/\/hummingbag.com\/?post_type=product&#038;p=3182"},"modified":"2017-09-18T11:56:40","modified_gmt":"2017-09-18T03:56:40","slug":"cooler-tote-bag","status":"publish","type":"product","link":"https:\/\/hummingbag.com\/fr\/product\/cooler-tote-bag\/","title":{"rendered":"SAC ISOTHERME"},"content":{"rendered":"","protected":false},"excerpt":{"rendered":"<p style=\"text-align: justify;\">Ce sac aux dessins raffin\u00e9s de fruits et de l\u00e9gumes m\u00e9lange \u00e9l\u00e9gance naturelle et simplicit\u00e9.<br \/>\nUn sac id\u00e9al pour les gourmands d\u00e9licats.<\/p>\n","protected":false},"featured_media":3046,"comment_status":"open","ping_status":"closed","template":"","meta":{"_exactmetrics_skip_tracking":false,"_exactmetrics_sitenote_active":false,"_exactmetrics_sitenote_note":"","_exactmetrics_sitenote_category":0,"jetpack_post_was_ever_published":false},"class_list":{"0":"post-3182","1":"product","2":"type-product","3":"status-publish","4":"has-post-thumbnail","6":"product_cat-insulated-bags","8":"first","9":"instock","10":"shipping-taxable","11":"product-type-simple"},"jetpack_sharing_enabled":true,"_links":{"self":[{"href":"https:\/\/hummingbag.com\/fr\/wp-json\/wp\/v2\/product\/3182","targetHints":{"allow":["GET"]}}],"collection":[{"href":"https:\/\/hummingbag.com\/fr\/wp-json\/wp\/v2\/product"}],"about":[{"href":"https:\/\/hummingbag.com\/fr\/wp-json\/wp\/v2\/types\/product"}],"replies":[{"embeddable":true,"href":"https:\/\/hummingbag.com\/fr\/wp-json\/wp\/v2\/comments?post=3182"}],"wp:featuredmedia":[{"embeddable":true,"href":"https:\/\/hummingbag.com\/fr\/wp-json\/wp\/v2\/media\/3046"}],"wp:attachment":[{"href":"https:\/\/hummingbag.com\/fr\/wp-json\/wp\/v2\/media?parent=3182"}],"curies":[{"name":"wp","href":"https:\/\/api.w.org\/{rel}","templated":true}]}}