{"id":3181,"date":"2017-07-21T03:21:24","date_gmt":"2017-07-21T03:21:24","guid":{"rendered":"https:\/\/hummingbag.com\/?post_type=product&#038;p=3181"},"modified":"2017-08-13T08:20:19","modified_gmt":"2017-08-13T08:20:19","slug":"floral-tote-bag","status":"publish","type":"product","link":"https:\/\/hummingbag.com\/fr\/product\/floral-tote-bag\/","title":{"rendered":"CABAS FLEURI"},"content":{"rendered":"","protected":false},"excerpt":{"rendered":"<p style=\"text-align: justify;\">Cabas en coton color\u00e9, il est id\u00e9al pour les balades estivales.<br \/>\nFabriqu\u00e9 avec un fond plat renforc\u00e9,\u00a0 il peut transporter des courses mais aussi des livres, des ordinateurs portables ou des objets personnels.<br \/>\nLe papillon en accessoire lui donne une touche \u00e9l\u00e9gante et color\u00e9e.<\/p>\n","protected":false},"featured_media":3058,"comment_status":"open","ping_status":"closed","template":"","meta":{"_exactmetrics_skip_tracking":false,"_exactmetrics_sitenote_active":false,"_exactmetrics_sitenote_note":"","_exactmetrics_sitenote_category":0,"jetpack_post_was_ever_published":false},"class_list":{"0":"post-3181","1":"product","2":"type-product","3":"status-publish","4":"has-post-thumbnail","6":"product_cat-reusable-bags","8":"first","9":"instock","10":"shipping-taxable","11":"product-type-simple"},"jetpack_sharing_enabled":true,"_links":{"self":[{"href":"https:\/\/hummingbag.com\/fr\/wp-json\/wp\/v2\/product\/3181","targetHints":{"allow":["GET"]}}],"collection":[{"href":"https:\/\/hummingbag.com\/fr\/wp-json\/wp\/v2\/product"}],"about":[{"href":"https:\/\/hummingbag.com\/fr\/wp-json\/wp\/v2\/types\/product"}],"replies":[{"embeddable":true,"href":"https:\/\/hummingbag.com\/fr\/wp-json\/wp\/v2\/comments?post=3181"}],"wp:featuredmedia":[{"embeddable":true,"href":"https:\/\/hummingbag.com\/fr\/wp-json\/wp\/v2\/media\/3058"}],"wp:attachment":[{"href":"https:\/\/hummingbag.com\/fr\/wp-json\/wp\/v2\/media?parent=3181"}],"curies":[{"name":"wp","href":"https:\/\/api.w.org\/{rel}","templated":true}]}}