{"id":3177,"date":"2017-07-21T11:13:22","date_gmt":"2017-07-21T03:13:22","guid":{"rendered":"https:\/\/hummingbag.com\/?post_type=product&#038;p=3177"},"modified":"2017-09-18T11:54:28","modified_gmt":"2017-09-18T03:54:28","slug":"picnic-cooler","status":"publish","type":"product","link":"https:\/\/hummingbag.com\/fr\/product\/picnic-cooler\/","title":{"rendered":"PANIER ISOTHERME"},"content":{"rendered":"","protected":false},"excerpt":{"rendered":"<p style=\"text-align: justify;\">Un panier en osier 2 en 1 : il se compose d&#039;un panier ext\u00e9rieur en osier et d&#039;un sac en coton isotherme d\u00e9tachable. Elegant et \u00e9coresponsable , il donnera des envies de d\u00e9jeuner sur l&#039;herbe.<br \/>\nUn air de &#8220;French Riviera&#8221; dans vos pique-niques ou brunch en ext\u00e9rieur.<\/p>\n","protected":false},"featured_media":3091,"comment_status":"open","ping_status":"closed","template":"","meta":{"_exactmetrics_skip_tracking":false,"_exactmetrics_sitenote_active":false,"_exactmetrics_sitenote_note":"","_exactmetrics_sitenote_category":0,"jetpack_post_was_ever_published":false},"class_list":{"0":"post-3177","1":"product","2":"type-product","3":"status-publish","4":"has-post-thumbnail","6":"product_cat-insulated-bags","8":"first","9":"instock","10":"shipping-taxable","11":"product-type-simple"},"jetpack_sharing_enabled":true,"_links":{"self":[{"href":"https:\/\/hummingbag.com\/fr\/wp-json\/wp\/v2\/product\/3177","targetHints":{"allow":["GET"]}}],"collection":[{"href":"https:\/\/hummingbag.com\/fr\/wp-json\/wp\/v2\/product"}],"about":[{"href":"https:\/\/hummingbag.com\/fr\/wp-json\/wp\/v2\/types\/product"}],"replies":[{"embeddable":true,"href":"https:\/\/hummingbag.com\/fr\/wp-json\/wp\/v2\/comments?post=3177"}],"wp:featuredmedia":[{"embeddable":true,"href":"https:\/\/hummingbag.com\/fr\/wp-json\/wp\/v2\/media\/3091"}],"wp:attachment":[{"href":"https:\/\/hummingbag.com\/fr\/wp-json\/wp\/v2\/media?parent=3177"}],"curies":[{"name":"wp","href":"https:\/\/api.w.org\/{rel}","templated":true}]}}