{"id":3176,"date":"2017-07-21T11:10:26","date_gmt":"2017-07-21T03:10:26","guid":{"rendered":"https:\/\/hummingbag.com\/?post_type=product&#038;p=3176"},"modified":"2017-09-18T12:02:15","modified_gmt":"2017-09-18T04:02:15","slug":"cooler-bag","status":"publish","type":"product","link":"https:\/\/hummingbag.com\/fr\/product\/cooler-bag\/","title":{"rendered":"SAC ISOTHERME"},"content":{"rendered":"","protected":false},"excerpt":{"rendered":"<p style=\"text-align: justify;\">Ce joli sac color\u00e9 isotherme est le fruit d&#039;une collaboration entre une enseigne de la grande distribution d&#039;Asie du Sud Est et d&#039;un designer r\u00e9put\u00e9 en Asie.<br \/>\nNous avons utilis\u00e9 des techniques d&#039;impression digitale pour un visuel color\u00e9 et de grande qualit\u00e9. Un de nos coups de coeur!<\/p>\n","protected":false},"featured_media":3042,"comment_status":"open","ping_status":"closed","template":"","meta":{"_exactmetrics_skip_tracking":false,"_exactmetrics_sitenote_active":false,"_exactmetrics_sitenote_note":"","_exactmetrics_sitenote_category":0,"jetpack_post_was_ever_published":false},"class_list":{"0":"post-3176","1":"product","2":"type-product","3":"status-publish","4":"has-post-thumbnail","6":"product_cat-insulated-bags","8":"first","9":"instock","10":"shipping-taxable","11":"product-type-simple"},"jetpack_sharing_enabled":true,"_links":{"self":[{"href":"https:\/\/hummingbag.com\/fr\/wp-json\/wp\/v2\/product\/3176","targetHints":{"allow":["GET"]}}],"collection":[{"href":"https:\/\/hummingbag.com\/fr\/wp-json\/wp\/v2\/product"}],"about":[{"href":"https:\/\/hummingbag.com\/fr\/wp-json\/wp\/v2\/types\/product"}],"replies":[{"embeddable":true,"href":"https:\/\/hummingbag.com\/fr\/wp-json\/wp\/v2\/comments?post=3176"}],"wp:featuredmedia":[{"embeddable":true,"href":"https:\/\/hummingbag.com\/fr\/wp-json\/wp\/v2\/media\/3042"}],"wp:attachment":[{"href":"https:\/\/hummingbag.com\/fr\/wp-json\/wp\/v2\/media?parent=3176"}],"curies":[{"name":"wp","href":"https:\/\/api.w.org\/{rel}","templated":true}]}}