{"id":3175,"date":"2017-07-21T11:07:47","date_gmt":"2017-07-21T03:07:47","guid":{"rendered":"https:\/\/hummingbag.com\/?post_type=product&#038;p=3175"},"modified":"2017-09-18T11:55:26","modified_gmt":"2017-09-18T03:55:26","slug":"boston-bag","status":"publish","type":"product","link":"https:\/\/hummingbag.com\/fr\/product\/boston-bag\/","title":{"rendered":"SAC BOSTON"},"content":{"rendered":"","protected":false},"excerpt":{"rendered":"<p style=\"text-align: justify;\">Petit, mais avec un message \u00e9cologique fort.<br \/>\nCe mini &#8220;Boston&#8221; bag est fabriqu\u00e9 de coton recycl\u00e9 et de polyester recycl\u00e9 \u00e0 base de bouteilles de plastiques.<br \/>\nId\u00e9al pour porter les d\u00e9jeuners et les snacks ou pour les balades quotidiennes.<\/p>\n","protected":false},"featured_media":3034,"comment_status":"open","ping_status":"closed","template":"","meta":{"_exactmetrics_skip_tracking":false,"_exactmetrics_sitenote_active":false,"_exactmetrics_sitenote_note":"","_exactmetrics_sitenote_category":0,"jetpack_post_was_ever_published":false},"class_list":{"0":"post-3175","1":"product","2":"type-product","3":"status-publish","4":"has-post-thumbnail","6":"product_cat-reusable-bags","8":"first","9":"instock","10":"shipping-taxable","11":"product-type-simple"},"jetpack_sharing_enabled":true,"_links":{"self":[{"href":"https:\/\/hummingbag.com\/fr\/wp-json\/wp\/v2\/product\/3175","targetHints":{"allow":["GET"]}}],"collection":[{"href":"https:\/\/hummingbag.com\/fr\/wp-json\/wp\/v2\/product"}],"about":[{"href":"https:\/\/hummingbag.com\/fr\/wp-json\/wp\/v2\/types\/product"}],"replies":[{"embeddable":true,"href":"https:\/\/hummingbag.com\/fr\/wp-json\/wp\/v2\/comments?post=3175"}],"wp:featuredmedia":[{"embeddable":true,"href":"https:\/\/hummingbag.com\/fr\/wp-json\/wp\/v2\/media\/3034"}],"wp:attachment":[{"href":"https:\/\/hummingbag.com\/fr\/wp-json\/wp\/v2\/media?parent=3175"}],"curies":[{"name":"wp","href":"https:\/\/api.w.org\/{rel}","templated":true}]}}