{"id":3174,"date":"2017-07-21T03:04:57","date_gmt":"2017-07-21T03:04:57","guid":{"rendered":"https:\/\/hummingbag.com\/?post_type=product&#038;p=3174"},"modified":"2017-08-13T10:05:53","modified_gmt":"2017-08-13T10:05:53","slug":"tote-bag","status":"publish","type":"product","link":"https:\/\/hummingbag.com\/fr\/product\/tote-bag\/","title":{"rendered":"CABAS COTON"},"content":{"rendered":"","protected":false},"excerpt":{"rendered":"<p style=\"text-align: justify;\">Ce sac en coton a \u00e9t\u00e9 r\u00e9alis\u00e9 pour une enseigne r\u00e9put\u00e9e au Japon \u00e0 destination des consommateurs urbains.<br \/>\nIl peut aussi servir \u00e0 transporter ses effets personnels.<\/p>\n","protected":false},"featured_media":3150,"comment_status":"open","ping_status":"closed","template":"","meta":{"_exactmetrics_skip_tracking":false,"_exactmetrics_sitenote_active":false,"_exactmetrics_sitenote_note":"","_exactmetrics_sitenote_category":0,"jetpack_post_was_ever_published":false},"class_list":{"0":"post-3174","1":"product","2":"type-product","3":"status-publish","4":"has-post-thumbnail","6":"product_cat-reusable-bags","8":"first","9":"instock","10":"shipping-taxable","11":"product-type-simple"},"jetpack_sharing_enabled":true,"_links":{"self":[{"href":"https:\/\/hummingbag.com\/fr\/wp-json\/wp\/v2\/product\/3174","targetHints":{"allow":["GET"]}}],"collection":[{"href":"https:\/\/hummingbag.com\/fr\/wp-json\/wp\/v2\/product"}],"about":[{"href":"https:\/\/hummingbag.com\/fr\/wp-json\/wp\/v2\/types\/product"}],"replies":[{"embeddable":true,"href":"https:\/\/hummingbag.com\/fr\/wp-json\/wp\/v2\/comments?post=3174"}],"wp:featuredmedia":[{"embeddable":true,"href":"https:\/\/hummingbag.com\/fr\/wp-json\/wp\/v2\/media\/3150"}],"wp:attachment":[{"href":"https:\/\/hummingbag.com\/fr\/wp-json\/wp\/v2\/media?parent=3174"}],"curies":[{"name":"wp","href":"https:\/\/api.w.org\/{rel}","templated":true}]}}