{"id":3173,"date":"2017-07-21T03:02:04","date_gmt":"2017-07-21T03:02:04","guid":{"rendered":"https:\/\/hummingbag.com\/?post_type=product&#038;p=3173"},"modified":"2017-08-13T08:23:04","modified_gmt":"2017-08-13T08:23:04","slug":"lunch-bag","status":"publish","type":"product","link":"https:\/\/hummingbag.com\/fr\/product\/lunch-bag\/","title":{"rendered":"SAC ISOTHERME D\u00c9JEUNER"},"content":{"rendered":"","protected":false},"excerpt":{"rendered":"<p style=\"text-align: justify;\">Un sac isotherme id\u00e9al pour les activit\u00e9s en plein air,\u00a0 les d\u00e9jeuners ou les balades urbaines.<br \/>\nAvec son ouverture ergonomique, il offre une belle capacit\u00e9 pour mettre vos produits pr\u00e9f\u00e9r\u00e9s au frais. Il se porte \u00e0 la main ou l&#8217;\u00e9paule.<\/p>\n","protected":false},"featured_media":3067,"comment_status":"open","ping_status":"closed","template":"","meta":{"_exactmetrics_skip_tracking":false,"_exactmetrics_sitenote_active":false,"_exactmetrics_sitenote_note":"","_exactmetrics_sitenote_category":0,"jetpack_post_was_ever_published":false},"class_list":{"0":"post-3173","1":"product","2":"type-product","3":"status-publish","4":"has-post-thumbnail","6":"product_cat-reusable-bags","8":"first","9":"instock","10":"shipping-taxable","11":"product-type-simple"},"jetpack_sharing_enabled":true,"_links":{"self":[{"href":"https:\/\/hummingbag.com\/fr\/wp-json\/wp\/v2\/product\/3173","targetHints":{"allow":["GET"]}}],"collection":[{"href":"https:\/\/hummingbag.com\/fr\/wp-json\/wp\/v2\/product"}],"about":[{"href":"https:\/\/hummingbag.com\/fr\/wp-json\/wp\/v2\/types\/product"}],"replies":[{"embeddable":true,"href":"https:\/\/hummingbag.com\/fr\/wp-json\/wp\/v2\/comments?post=3173"}],"wp:featuredmedia":[{"embeddable":true,"href":"https:\/\/hummingbag.com\/fr\/wp-json\/wp\/v2\/media\/3067"}],"wp:attachment":[{"href":"https:\/\/hummingbag.com\/fr\/wp-json\/wp\/v2\/media?parent=3173"}],"curies":[{"name":"wp","href":"https:\/\/api.w.org\/{rel}","templated":true}]}}