{"id":3171,"date":"2017-07-21T10:50:59","date_gmt":"2017-07-21T02:50:59","guid":{"rendered":"https:\/\/hummingbag.com\/?post_type=product&#038;p=3171"},"modified":"2017-09-18T11:53:21","modified_gmt":"2017-09-18T03:53:21","slug":"wine-bag","status":"publish","type":"product","link":"https:\/\/hummingbag.com\/fr\/product\/wine-bag\/","title":{"rendered":"PORTE BOUTEILLE"},"content":{"rendered":"","protected":false},"excerpt":{"rendered":"<p>Souvent utilis\u00e9 pour des programmes promotionnels, il est devenu indispensable dans les rayons des grandes enseignes de distribution.<br \/>\nDisponible en fibres naturelles ou mati\u00e8res recycl\u00e9es, il se d\u00e9cline en plusieurs tailles pour porter de 1 jusqu&#039;a 6 bouteilles.<\/p>\n","protected":false},"featured_media":3166,"comment_status":"open","ping_status":"closed","template":"","meta":{"_exactmetrics_skip_tracking":false,"_exactmetrics_sitenote_active":false,"_exactmetrics_sitenote_note":"","_exactmetrics_sitenote_category":0,"jetpack_post_was_ever_published":false},"class_list":{"0":"post-3171","1":"product","2":"type-product","3":"status-publish","4":"has-post-thumbnail","6":"product_cat-reusable-bags","8":"first","9":"instock","10":"shipping-taxable","11":"product-type-simple"},"jetpack_sharing_enabled":true,"_links":{"self":[{"href":"https:\/\/hummingbag.com\/fr\/wp-json\/wp\/v2\/product\/3171","targetHints":{"allow":["GET"]}}],"collection":[{"href":"https:\/\/hummingbag.com\/fr\/wp-json\/wp\/v2\/product"}],"about":[{"href":"https:\/\/hummingbag.com\/fr\/wp-json\/wp\/v2\/types\/product"}],"replies":[{"embeddable":true,"href":"https:\/\/hummingbag.com\/fr\/wp-json\/wp\/v2\/comments?post=3171"}],"wp:featuredmedia":[{"embeddable":true,"href":"https:\/\/hummingbag.com\/fr\/wp-json\/wp\/v2\/media\/3166"}],"wp:attachment":[{"href":"https:\/\/hummingbag.com\/fr\/wp-json\/wp\/v2\/media?parent=3171"}],"curies":[{"name":"wp","href":"https:\/\/api.w.org\/{rel}","templated":true}]}}