{"id":26,"date":"2016-10-30T13:14:38","date_gmt":"2016-10-30T05:14:38","guid":{"rendered":"http:\/\/192.168.88.250:8080\/outlet\/?page_id=24"},"modified":"2018-11-12T10:39:53","modified_gmt":"2018-11-12T02:39:53","slug":"about","status":"publish","type":"page","link":"https:\/\/hummingbag.com\/fr\/about\/","title":{"rendered":"About"},"content":{"rendered":"<div class=\"wpb-content-wrapper\"><p>[vc_row full_height=&#8221;yes&#8221; overlay_dotted=&#8221;&#8221; css=&#8221;.vc_custom_1541990380371{margin-bottom: 60px !important;}&#8221;][vc_column][vc_single_image image=&#8221;3786&#8243; img_size=&#8221;full&#8221; alignment=&#8221;center&#8221; el_class=&#8221;akimageabout&#8221;][\/vc_column][\/vc_row][vc_row overlay_dotted=&#8221;&#8221; css=&#8221;.vc_custom_1480087157667{margin-bottom: 80px !important;}&#8221;][vc_column][vc_column_text css=&#8221;.vc_custom_1505705443990{margin-bottom: 16px !important;}&#8221;]<\/p>\n<h1 style=\"text-align: center;\"><span style=\"font-size: 32px;\"><strong>Bienvenue sur le site Hummingbag,<\/strong><\/span><\/h1>\n<p>&nbsp;<\/p>\n<p style=\"max-width: 957px; margin: 0px auto; font-family: Raleway, Arial, sans-serif; font-style: italic; font-size: 18px; color: #999999; line-height: 32px; text-align: justify;\">Notre nom fait r\u00e9f\u00e9rence \u00e0 la l\u00e9gende du colibri et le pouvoir de l\u2019action collective.<br \/>\nCette l\u00e9gende conte une simple histoire, mais avec un message fort: celui d\u2019un petit colibri qui essayait d&#8217;\u00e9teindre un incendie de for\u00eat goutte par goutte. Quand les autres animaux de la for\u00eat, incr\u00e9dules, lui demandent ce qu\u2019il fait; il r\u00e9pond simplement \u201c je fais tout mon possible\u201d.<\/p>\n<p style=\"max-width: 957px; margin: 0px auto; font-family: Raleway, Arial, sans-serif; font-style: italic; font-size: 18px; color: #999999; line-height: 32px; text-align: justify;\">Cette l\u00e9gende nous inspire et nous guide tous les jours, dans nos cr\u00e9ations et nos d\u00e9veloppements commerciaux. \u00c0 Hummingbag, comme le colibri nous faisons tout notre possible pour\u00a0<strong>r\u00e9duire l\u2019empreinte plastique sur notre plan\u00e8te<\/strong>. Cette l\u00e9gende fait partie de notre ADN.\u201d<\/p>\n<p style=\"max-width: 957px; margin: 0px auto; font-family: Raleway, Arial, sans-serif; font-style: italic; font-size: 18px; color: #999999; line-height: 32px; text-align: justify;\">Hummingbag, c\u2019est aussi une r\u00e9f\u00e9rence au colibri de Californie &#8211; dit Hummingbird &#8211; o\u00f9 est bas\u00e9e notre maison m\u00e8re, <strong>KeepCool USA<\/strong>, une des premi\u00e8res soci\u00e9t\u00e9s au monde \u00e0 avoir fait adopter l\u2019usage des <strong>sacs r\u00e9utilisables \u00e0 des millions de consommateurs am\u00e9ricains<\/strong>.<\/p>\n<p style=\"max-width: 957px; margin: 0px auto; font-family: Raleway, Arial, sans-serif; font-style: italic; font-size: 18px; color: #999999; line-height: 32px; text-align: justify;\">Poursuivant les pas de <strong>KeepCool<\/strong>, notre priorit\u00e9 est de d\u00e9velopper des <strong>sacs \u00e9cologiques \u00e0 des prix comp\u00e9titifs<\/strong>, afin de freiner l\u2019usage des sacs plastique sur la plan\u00e8te. Comme le colibri, \u201cun sac \u00e0 la fois\u201d!<\/p>\n<p style=\"max-width: 957px; margin: 0px auto; font-family: Raleway, Arial, sans-serif; font-style: italic; font-size: 18px; color: #999999; line-height: 32px; text-align: justify;\">Nous travaillons avec de nombreux clients dans le monde, que ce soit pour des projets de sacs personnalis\u00e9s ou sous notre propre marque, et aujourd\u2019hui nous sommes fiers de leur engagement \u00e0 nos c\u00f4t\u00e9s.<\/p>\n<p style=\"max-width: 957px; margin: 0px auto; font-family: Raleway, Arial, sans-serif; font-style: italic; font-size: 18px; color: #999999; line-height: 32px; text-align: justify;\">Faire le choix d\u2019un sac HUMMINGBAG, c\u2019est aussi faire le choix d\u2019un <strong>mode de vie<\/strong> et de consid\u00e9rer que <strong>chaque geste compte<\/strong>.<\/p>\n<p style=\"max-width: 957px; margin: 0px auto; font-family: Raleway, Arial, sans-serif; font-style: italic; font-size: 18px; color: #999999; line-height: 32px; text-align: justify;\"><strong>Continuons ensemble \u00e0 faire vivre la l\u00e9gende !<\/strong><\/p>\n<p>[\/vc_column_text][\/vc_column][\/vc_row][vc_row][vc_column width=&#8221;1\/2&#8243;][vc_single_image image=&#8221;3267&#8243; img_size=&#8221;full&#8221; alignment=&#8221;right&#8221;][\/vc_column][vc_column width=&#8221;1\/2&#8243;][vc_single_image image=&#8221;3268&#8243; img_size=&#8221;full&#8221;][\/vc_column][\/vc_row]<\/p>\n<\/div>","protected":false},"excerpt":{"rendered":"<p>Seese\u00a0is most popular company in Worlwide . In seese good products is sold . Seese service is good because seese delivery is very fast and good therefore it is good it provide good care for our products . Payment method is nice and good there is verious options to payment.<\/p>\n","protected":false},"author":2,"featured_media":3780,"parent":0,"menu_order":0,"comment_status":"closed","ping_status":"closed","template":"","meta":{"_exactmetrics_skip_tracking":false,"_exactmetrics_sitenote_active":false,"_exactmetrics_sitenote_note":"","_exactmetrics_sitenote_category":0,"jetpack_post_was_ever_published":false,"footnotes":""},"class_list":["post-26","page","type-page","status-publish","has-post-thumbnail","hentry"],"jetpack_sharing_enabled":true,"jetpack_shortlink":"https:\/\/wp.me\/P97kJQ-q","_links":{"self":[{"href":"https:\/\/hummingbag.com\/fr\/wp-json\/wp\/v2\/pages\/26","targetHints":{"allow":["GET"]}}],"collection":[{"href":"https:\/\/hummingbag.com\/fr\/wp-json\/wp\/v2\/pages"}],"about":[{"href":"https:\/\/hummingbag.com\/fr\/wp-json\/wp\/v2\/types\/page"}],"author":[{"embeddable":true,"href":"https:\/\/hummingbag.com\/fr\/wp-json\/wp\/v2\/users\/2"}],"replies":[{"embeddable":true,"href":"https:\/\/hummingbag.com\/fr\/wp-json\/wp\/v2\/comments?post=26"}],"version-history":[{"count":6,"href":"https:\/\/hummingbag.com\/fr\/wp-json\/wp\/v2\/pages\/26\/revisions"}],"predecessor-version":[{"id":3789,"href":"https:\/\/hummingbag.com\/fr\/wp-json\/wp\/v2\/pages\/26\/revisions\/3789"}],"wp:featuredmedia":[{"embeddable":true,"href":"https:\/\/hummingbag.com\/fr\/wp-json\/wp\/v2\/media\/3780"}],"wp:attachment":[{"href":"https:\/\/hummingbag.com\/fr\/wp-json\/wp\/v2\/media?parent=26"}],"curies":[{"name":"wp","href":"https:\/\/api.w.org\/{rel}","templated":true}]}}