{"id":2542,"date":"2017-06-08T15:07:53","date_gmt":"2017-06-08T15:07:53","guid":{"rendered":"https:\/\/hummingbag.com\/?page_id=2542"},"modified":"2017-09-28T13:10:57","modified_gmt":"2017-09-28T05:10:57","slug":"our-process","status":"publish","type":"page","link":"https:\/\/hummingbag.com\/fr\/our-process\/","title":{"rendered":"SAVOIR FAIRE"},"content":{"rendered":"<div class=\"wpb-content-wrapper\"><p>[vc_row overlay_dotted=&#8221;&#8221; css=&#8221;.vc_custom_1496993986991{margin-bottom: 60px !important;}&#8221;][vc_column][vc_single_image image=&#8221;2781&#8243; img_size=&#8221;full&#8221; alignment=&#8221;center&#8221; el_class=&#8221;akimageabout&#8221;][\/vc_column][\/vc_row][vc_row overlay_dotted=&#8221;&#8221; css=&#8221;.vc_custom_1480087157667{margin-bottom: 80px !important;}&#8221;][vc_column][vc_column_text css=&#8221;.vc_custom_1506575451530{margin-bottom: 16px !important;}&#8221;]<\/p>\n<h1 style=\"text-align: center;\"><span style=\"font-size: 32px;\"><strong>Savoir faire<\/strong><\/span><\/h1>\n<p>&nbsp;<\/p>\n<p style=\"max-width: 957px; margin: 0 auto; text-align: justify; font-family: 'Raleway', Arial, sans-serif; font-style: italic; font-size: 18px; color: #999; line-height: 32px;\">Engag\u00e9s et passionn\u00e9s, nous sommes guid\u00e9s par l\u2019envie de cr\u00e9er des sacs r\u00e9utilisables innovants, personnalisables, adapt\u00e9s au quotidien et con\u00e7us pour durer.<\/p>\n<h2 style=\"max-width: 957px; margin: 0 auto; text-align: justify; font-family: 'Raleway', Arial, sans-serif; font-style: italic; font-size: 18px; color: #999; line-height: 32px;\"><span style=\"color: #000000;\"><strong>Du vert pour notre plan\u00e8te<\/strong><\/span><\/h2>\n<p style=\"max-width: 957px; margin: 0 auto; text-align: justify; font-family: 'Raleway', Arial, sans-serif; font-style: italic; font-size: 18px; color: #999; line-height: 32px;\">La protection de notre plan\u00e8te est notre leitmotiv. Il est inscrit dans notre ADN. Nos sacs sont cr\u00e9\u00e9s \u00e0 partir de mati\u00e8res recyclables sans compromis sur leurs performances et leurs qualit\u00e9s.<\/p>\n<h2 style=\"max-width: 957px; margin: 0 auto; text-align: justify; font-family: 'Raleway', Arial, sans-serif; font-style: italic; font-size: 18px; color: #999; line-height: 32px;\"><span style=\"color: #000000;\"><strong>Esprit Cr\u00e9atif<\/strong><\/span><\/h2>\n<p style=\"max-width: 957px; margin: 0 auto; text-align: justify; font-family: 'Raleway', Arial, sans-serif; font-style: italic; font-size: 18px; color: #999; line-height: 32px;\">L\u2019innovation est au coeur de nos d\u00e9veloppements. Du choix des mati\u00e8res et des accessoires, en passant par la conception et les techniques d\u2019impression; nous d\u00e9veloppons sans cesse de nouvelles id\u00e9es pour cr\u00e9er le sac adapt\u00e9 \u00e0 vos besoins.<\/p>\n<h2 style=\"max-width: 957px; margin: 0 auto; text-align: justify; font-family: 'Raleway', Arial, sans-serif; font-style: italic; font-size: 18px; color: #999; line-height: 32px;\"><span style=\"color: #000000;\"><strong>Con\u00e7us pour durer<\/strong><\/span><\/h2>\n<p style=\"max-width: 957px; margin: 0 auto; text-align: justify; font-family: 'Raleway', Arial, sans-serif; font-style: italic; font-size: 18px; color: #999; line-height: 32px;\">Nos sacs sont con\u00e7us pour \u00eatre r\u00e9utilis\u00e9s encore et encore et simplifier votre quotidien. Tous nos sacs sont test\u00e9s et r\u00e9pondent aux r\u00e9glementations internationales en vigueur. Nous savons r\u00e9pondre aux normes de contact alimentaire et de s\u00e9curit\u00e9 les plus exigeantes.<\/p>\n<h2 style=\"max-width: 957px; margin: 0 auto; text-align: justify; font-family: 'Raleway', Arial, sans-serif; font-style: italic; font-size: 18px; color: #999; line-height: 32px;\"><span style=\"color: #000000;\"><strong>Notre passion, votre confiance<\/strong><\/span><\/h2>\n<p style=\"max-width: 957px; margin: 0 auto; text-align: justify; font-family: 'Raleway', Arial, sans-serif; font-style: italic; font-size: 18px; color: #999; line-height: 32px;\">Nous sommes tous personnellement investis dans nos projets. Ce niveau d\u2019\u00e9coute et d\u2019investissement vous permet de d\u00e9velopper vos gammes de sacs en toute tranquillit\u00e9.<\/p>\n<p>[\/vc_column_text][\/vc_column][\/vc_row][vc_row][vc_column width=&#8221;1\/2&#8243;][vc_single_image image=&#8221;3266&#8243; img_size=&#8221;full&#8221; alignment=&#8221;right&#8221;][\/vc_column][vc_column width=&#8221;1\/2&#8243;][vc_single_image image=&#8221;3265&#8243; img_size=&#8221;full&#8221;][\/vc_column][\/vc_row]<\/p>\n<\/div>","protected":false},"excerpt":{"rendered":"<p>[vc_row overlay_dotted=&#8221;&#8221; css=&#8221;.vc_custom_1496993986991{margin-bottom: 60px !important;}&#8221;][vc_column][vc_single_image image=&#8221;2781&#8243; img_size=&#8221;full&#8221; alignment=&#8221;center&#8221; el_class=&#8221;akimageabout&#8221;][\/vc_column][\/vc_row][vc_row overlay_dotted=&#8221;&#8221; css=&#8221;.vc_custom_1480087157667{margin-bottom: 80px !important;}&#8221;][vc_column][vc_column_text css=&#8221;.vc_custom_1506575451530{margin-bottom: 16px !important;}&#8221;]<\/p>\n<p>Savoir faire<\/p>\n<p>&nbsp;<\/p>\n<p style=\"max-width: 957px; margin: 0 auto; text-align: justify; font-family: 'Raleway', Arial, sans-serif; font-style: italic; font-size: 18px; color: #999; line-height: 32px;\">Engag\u00e9s et passionn\u00e9s, nous sommes guid\u00e9s par l\u2019envie de cr\u00e9er des sacs r\u00e9utilisables innovants, personnalisables, adapt\u00e9s au quotidien et con\u00e7us pour durer.<\/p>\n<p>Du vert pour notre plan\u00e8te<\/p>\n<p style=\"max-width: 957px; margin: 0 auto; text-align: justify; font-family: 'Raleway', Arial, sans-serif; font-style: italic; font-size: 18px; color: #999; line-height: 32px;\">La protection de notre plan\u00e8te est notre leitmotiv. Il est inscrit dans notre ADN. Nos sacs sont cr\u00e9\u00e9s \u00e0 partir de mati\u00e8res recyclables sans compromis sur leurs performances et leurs qualit\u00e9s.<\/p>\n<p>Esprit Cr\u00e9atif<\/p>\n<p style=\"max-width: 957px; margin: 0 auto; text-align: justify; font-family: 'Raleway', Arial, sans-serif; font-style: italic; font-size: 18px; color: #999; line-height: 32px;\">L\u2019innovation est au coeur de nos d\u00e9veloppements. Du choix des mati\u00e8res et des accessoires, en passant par la conception et les techniques d\u2019impression; nous d\u00e9veloppons sans cesse de nouvelles id\u00e9es pour cr\u00e9er le sac adapt\u00e9 \u00e0 vos besoins.<\/p>\n<p>Con\u00e7us pour durer<\/p>\n<p style=\"max-width: 957px; margin: 0 auto; text-align: justify; font-family: 'Raleway', Arial, sans-serif; font-style: italic; font-size: 18px; color: #999; line-height: 32px;\">Nos sacs sont con\u00e7us pour \u00eatre r\u00e9utilis\u00e9s encore et encore et simplifier votre quotidien. Tous nos sacs sont test\u00e9s et r\u00e9pondent aux r\u00e9glementations internationales en vigueur. Nous savons r\u00e9pondre aux normes de contact alimentaire et de s\u00e9curit\u00e9 les plus exigeantes.<\/p>\n<p>Notre passion, votre confiance<\/p>\n<p style=\"max-width: 957px; margin: 0 auto; text-align: justify; font-family: 'Raleway', Arial, sans-serif; font-style: italic; font-size: 18px; color: #999; line-height: 32px;\">Nous sommes tous personnellement investis dans nos projets. Ce niveau d\u2019\u00e9coute et d\u2019investissement vous permet de d\u00e9velopper vos gammes de sacs en toute tranquillit\u00e9.<\/p>\n<p>[\/vc_column_text][\/vc_column][\/vc_row][vc_row][vc_column width=&#8221;1\/2&#8243;][vc_single_image image=&#8221;3266&#8243; img_size=&#8221;full&#8221; alignment=&#8221;right&#8221;][\/vc_column][vc_column width=&#8221;1\/2&#8243;][vc_single_image image=&#8221;3265&#8243; img_size=&#8221;full&#8221;][\/vc_column][\/vc_row]<\/p>\n","protected":false},"author":2,"featured_media":0,"parent":0,"menu_order":0,"comment_status":"closed","ping_status":"closed","template":"","meta":{"_exactmetrics_skip_tracking":false,"_exactmetrics_sitenote_active":false,"_exactmetrics_sitenote_note":"","_exactmetrics_sitenote_category":0,"jetpack_post_was_ever_published":false,"footnotes":""},"class_list":["post-2542","page","type-page","status-publish","hentry"],"jetpack_sharing_enabled":true,"jetpack_shortlink":"https:\/\/wp.me\/P97kJQ-F0","_links":{"self":[{"href":"https:\/\/hummingbag.com\/fr\/wp-json\/wp\/v2\/pages\/2542","targetHints":{"allow":["GET"]}}],"collection":[{"href":"https:\/\/hummingbag.com\/fr\/wp-json\/wp\/v2\/pages"}],"about":[{"href":"https:\/\/hummingbag.com\/fr\/wp-json\/wp\/v2\/types\/page"}],"author":[{"embeddable":true,"href":"https:\/\/hummingbag.com\/fr\/wp-json\/wp\/v2\/users\/2"}],"replies":[{"embeddable":true,"href":"https:\/\/hummingbag.com\/fr\/wp-json\/wp\/v2\/comments?post=2542"}],"version-history":[{"count":33,"href":"https:\/\/hummingbag.com\/fr\/wp-json\/wp\/v2\/pages\/2542\/revisions"}],"predecessor-version":[{"id":3354,"href":"https:\/\/hummingbag.com\/fr\/wp-json\/wp\/v2\/pages\/2542\/revisions\/3354"}],"wp:attachment":[{"href":"https:\/\/hummingbag.com\/fr\/wp-json\/wp\/v2\/media?parent=2542"}],"curies":[{"name":"wp","href":"https:\/\/api.w.org\/{rel}","templated":true}]}}